{"id":13990,"date":"2022-11-14T19:25:49","date_gmt":"2022-11-14T18:25:49","guid":{"rendered":"https:\/\/travel2.artsha.com\/legal-notice\/"},"modified":"2023-01-16T22:17:53","modified_gmt":"2023-01-16T19:17:53","slug":"legal-notice","status":"publish","type":"page","link":"https:\/\/aroopa.travel\/en\/legal-notice\/","title":{"rendered":"Legal notice"},"content":{"rendered":"\t\t<div data-elementor-type=\"wp-page\" data-elementor-id=\"13990\" class=\"elementor elementor-13990 elementor-10804\">\r\n\t\t\t\t<div class=\"elementor-element elementor-element-52906f5 headerSub e-flex e-con-boxed e-con e-parent\" data-id=\"52906f5\" data-element_type=\"container\">\r\n\t\t\t\t\t<div class=\"e-con-inner\">\r\n\t\t\t\t<div class=\"elementor-element elementor-element-6ed02b2 elementor-widget elementor-widget-heading\" data-id=\"6ed02b2\" data-element_type=\"widget\" data-widget_type=\"heading.default\">\r\n\t\t\t\t\t<h1 class=\"elementor-heading-title elementor-size-default\">Legal notice<\/h1>\t\t\t\t<\/div>\r\n\t\t\t\t\t<\/div>\r\n\t\t\t\t<\/div>\r\n\t\t<div class=\"elementor-element elementor-element-2cca418 e-flex e-con-boxed e-con e-parent\" data-id=\"2cca418\" data-element_type=\"container\">\r\n\t\t\t\t\t<div class=\"e-con-inner\">\r\n\t\t\t\t<div class=\"elementor-element elementor-element-85c56b6 elementor-widget elementor-widget-text-editor\" data-id=\"85c56b6\" data-element_type=\"widget\" data-widget_type=\"text-editor.default\">\r\n\t\t\t\t\t\t\t\t\t<p><strong>Gesch\u00e4ftsf\u00fchrer\/Inhaber:&nbsp;<\/strong><em>Canpolat Haldun<\/em><br><strong>Volle geografische Anschrift:&nbsp;<\/strong>Hoher Markt 8-9\/1\/7, 1010 Wien, \u00d6sterreich<br><strong>Unternehmensgegenstand:<\/strong>&nbsp;Austria Incoming Agency &amp; Tour Operator<\/p>\n<p><strong>Kontaktdaten<\/strong>:<br><b>Tel.: <\/b>+43 720 348 195(orts\u00fcblicher Telefontarif f\u00fcr \u00d6sterreich)<br><b>E-Mail:<\/b>&nbsp;office@aroopa.travel<br><strong>\u00d6ffnungszeiten:&nbsp;<\/strong>Mo: 10.00 bis 17.00 Uhr, Di &#8211; Do: 09.00 bis 17.00 Uhr &amp; Fr 10.00 bis 16.00 Uhr<\/p>\n<p><strong>Firmenbuchnummer:<\/strong>&nbsp;FN 493068a<br><strong>Firmenbuchgericht:&nbsp;<\/strong>Handelsgericht Wien<br><strong>UID-Nummer:<\/strong>&nbsp;ATU71440434<\/p>\n<p><span style=\"font-weight: 700; color: rgb(90, 90, 90); font-family: Nunito, Arial;\">Bankverbindung:<\/span><br style=\"color: rgb(90, 90, 90); font-family: Nunito, Arial;\"><span style=\"color: rgb(90, 90, 90); font-family: Nunito, Arial;\">Haldun Canpolat<\/span><br style=\"color: rgb(90, 90, 90); font-family: Nunito, Arial;\"><font color=\"#5a5a5a\" face=\"Nunito, Arial\">IBAN:&nbsp;&nbsp;AT17 1400 0093 1000 0300, BIC:&nbsp;BAWAATWW<\/font><br style=\"color: rgb(90, 90, 90); font-family: Nunito, Arial;\"><span style=\"color: rgb(90, 90, 90); font-family: Nunito, Arial;\">Bankinstitut: Bawag P.S.K<\/span><br><strong><br>Mitgliedschaften bei der Wirtschaftskammerorganisation:<\/strong>&nbsp;Mitglied der WK\u00d6<br><strong>Anwendbare Rechtsvorschriften und Zugang dazu<\/strong>: Berufsrecht: Gewerbeordnung:&nbsp;<a href=\"http:\/\/www.ris.bka.gv.at\/\">www.ris.bka.gv.at<\/a><br><strong>Aufsichtsbeh\u00f6rde\/Gewerbebeh\u00f6rde<\/strong>: Magistratisches Bezirksamt des I. Bezirkes<\/p>\n<p><strong>Angaben zur Online-Streitbeilegung<\/strong>:<br>Plattform der EU-Kommission zur Online-Streitbeilegung:&nbsp;<a href=\"https:\/\/ec.europa.eu\/odr\">https:\/\/ec.europa.eu\/odr<\/a><\/p>\n<p>Wir sind zur Teilnahme an einem Streitbeilegungsverfahren vor einer Verbraucherschlichtungsstelle weder verpflichtet noch bereit.<\/p>\t\t\t\t\t\t\t\t<\/div>\r\n\t\t\t\t\t<\/div>\r\n\t\t\t\t<\/div>\r\n\t\t\t\t<\/div>\r\n\t\t","protected":false},"excerpt":{"rendered":"<p>Legal notice Gesch\u00e4ftsf\u00fchrer\/Inhaber:&nbsp;Canpolat HaldunVolle geografische Anschrift:&nbsp;Hoher Markt 8-9\/1\/7, 1010 Wien, \u00d6sterreichUnternehmensgegenstand:&nbsp;Austria Incoming Agency &amp; Tour Operator Kontaktdaten:Tel.: +43 720 348 195(orts\u00fcblicher Telefontarif f\u00fcr \u00d6sterreich)E-Mail:&nbsp;office@aroopa.travel\u00d6ffnungszeiten:&nbsp;Mo: 10.00 bis 17.00 Uhr, Di &#8211; Do: 09.00 bis 17.00 Uhr &amp; Fr 10.00 bis 16.00 Uhr Firmenbuchnummer:&nbsp;FN 493068aFirmenbuchgericht:&nbsp;Handelsgericht WienUID-Nummer:&nbsp;ATU71440434 Bankverbindung:Haldun CanpolatIBAN:&nbsp;&nbsp;AT17 1400 0093 1000 0300, BIC:&nbsp;BAWAATWWBankinstitut: Bawag P.S.KMitgliedschaften bei der [&hellip;]<\/p>\n","protected":false},"author":1,"featured_media":0,"parent":0,"menu_order":0,"comment_status":"closed","ping_status":"closed","template":"elementor_header_footer","meta":{"footnotes":""},"class_list":["post-13990","page","type-page","status-publish","has-post-thumbnail","hentry"],"aioseo_notices":[],"_links":{"self":[{"href":"https:\/\/aroopa.travel\/en\/wp-json\/wp\/v2\/pages\/13990","targetHints":{"allow":["GET"]}}],"collection":[{"href":"https:\/\/aroopa.travel\/en\/wp-json\/wp\/v2\/pages"}],"about":[{"href":"https:\/\/aroopa.travel\/en\/wp-json\/wp\/v2\/types\/page"}],"author":[{"embeddable":true,"href":"https:\/\/aroopa.travel\/en\/wp-json\/wp\/v2\/users\/1"}],"replies":[{"embeddable":true,"href":"https:\/\/aroopa.travel\/en\/wp-json\/wp\/v2\/comments?post=13990"}],"version-history":[{"count":0,"href":"https:\/\/aroopa.travel\/en\/wp-json\/wp\/v2\/pages\/13990\/revisions"}],"wp:attachment":[{"href":"https:\/\/aroopa.travel\/en\/wp-json\/wp\/v2\/media?parent=13990"}],"curies":[{"name":"wp","href":"https:\/\/api.w.org\/{rel}","templated":true}]}}