{"id":19092,"date":"2026-03-17T02:02:05","date_gmt":"2026-03-17T01:02:05","guid":{"rendered":"https:\/\/aroopa.travel\/product\/04-04-06-04-2026-marchenhafte-schlosser-elsasser-charme-mit-reiseleitung\/"},"modified":"2026-03-17T02:02:05","modified_gmt":"2026-03-17T01:02:05","slug":"04-04-06-04-2026-marchenhafte-schlosser-elsasser-charme-mit-reiseleitung","status":"publish","type":"product","link":"https:\/\/aroopa.travel\/en\/product\/04-04-06-04-2026-marchenhafte-schlosser-elsasser-charme-mit-reiseleitung\/","title":{"rendered":"04.04. &#8211; 06.04.2026 M\u00e4rchenhafte Schl\u00f6sser &#038; Els\u00e4sser Charme mit Reiseleitung"},"content":{"rendered":"","protected":false},"excerpt":{"rendered":"","protected":false},"featured_media":0,"template":"","meta":[],"product_cat":[],"product_tag":[],"class_list":{"0":"post-19092","1":"product","2":"type-product","3":"status-publish","4":"has-post-thumbnail","7":"first","8":"instock","9":"sold-individually","10":"shipping-taxable","11":"purchasable","12":"product-type-variable"},"aioseo_notices":[],"_links":{"self":[{"href":"https:\/\/aroopa.travel\/en\/wp-json\/wp\/v2\/product\/19092","targetHints":{"allow":["GET"]}}],"collection":[{"href":"https:\/\/aroopa.travel\/en\/wp-json\/wp\/v2\/product"}],"about":[{"href":"https:\/\/aroopa.travel\/en\/wp-json\/wp\/v2\/types\/product"}],"wp:attachment":[{"href":"https:\/\/aroopa.travel\/en\/wp-json\/wp\/v2\/media?parent=19092"}],"wp:term":[{"taxonomy":"product_cat","embeddable":true,"href":"https:\/\/aroopa.travel\/en\/wp-json\/wp\/v2\/product_cat?post=19092"},{"taxonomy":"product_tag","embeddable":true,"href":"https:\/\/aroopa.travel\/en\/wp-json\/wp\/v2\/product_tag?post=19092"}],"curies":[{"name":"wp","href":"https:\/\/api.w.org\/{rel}","templated":true}]}}